{"id":31,"date":"2016-04-26T12:34:20","date_gmt":"2016-04-26T12:34:20","guid":{"rendered":"http:\/\/flatsome.dev\/?page_id=7316"},"modified":"2025-11-06T07:26:36","modified_gmt":"2025-11-06T07:26:36","slug":"vendor-shop","status":"publish","type":"page","link":"https:\/\/www.taidemetalli.fi\/sv\/","title":{"rendered":"Vendor Shop"},"content":{"rendered":"<section class=\"section\" id=\"section_913659146\">\n\t\t<div class=\"section-bg fill\" >\n\t\t\t\t\t\t\t\t\t\n\t\t\t\n\n\t\t<\/div>\n\n\t\t\n\n\t\t<div class=\"section-content relative\">\n\t\t\t\n\n  <div class=\"banner-grid-wrapper\">\n  <div id=\"banner-grid-1730990161\" class=\"banner-grid row row-grid row-xsmall row-box-shadow-1\" data-packery-options=\"\">\n                      \n\n<div class=\"col grid-col large-12 grid-col-1-2\" ><div class=\"col-inner\">\n\n\n  <div class=\"banner has-hover\" id=\"banner-745572188\">\n          <div class=\"banner-inner fill\">\n        <div class=\"banner-bg fill\" >\n            <img decoding=\"async\" width=\"1020\" height=\"408\" src=\"https:\/\/www.taidemetalli.fi\/wp-content\/uploads\/2025\/06\/lahjatavara1.jpg\" class=\"bg attachment-large size-large\" alt=\"\" \/>                        <div class=\"overlay\"><\/div>            \n            <div class=\"effect-sparkle bg-effect fill no-click\"><\/div>        <\/div>\n\t\t\n        <div class=\"banner-layers container\">\n            <div class=\"fill banner-link\"><\/div>            \n\n   <div id=\"text-box-1689023314\" class=\"text-box banner-layer x5 md-x5 lg-x5 y50 md-y50 lg-y50 res-text\">\n                                <div class=\"text-box-content text dark\">\n              \n              <div class=\"text-inner text-left\">\n                  \n\n<h2 class=\"uppercase\"><strong>Uutuudet!<\/strong><\/h2>\n<h2 class=\"uppercase\"><strong>LAHJATAVARAT<\/strong><\/h2>\n<h3>ja sisustustuotteet<\/h3>\n<p>Tutustu nyt uusiin lahjaideoihimme!<\/p>\n<a href=\"https:\/\/www.taidemetalli.fi\/sv\/product-category\/uncategorized\/\" class=\"button primary\"  >\n\t\t<span>TUTUSTU NYT!<\/span>\n\t<\/a>\n\n\n\n              <\/div>\n           <\/div>\n                            \n<style>\n#text-box-1689023314 {\n  width: 60%;\n}\n#text-box-1689023314 .text-box-content {\n  font-size: 100%;\n}\n@media (min-width:550px) {\n  #text-box-1689023314 {\n    width: 40%;\n  }\n}\n<\/style>\n    <\/div>\n \n\n        <\/div>\n      <\/div>\n\n            \n<style>\n#banner-745572188 {\n  padding-top: 500px;\n}\n#banner-745572188 .overlay {\n  background-color: rgba(12, 9, 33, 0.558);\n}\n#banner-745572188 .banner-bg img {\n  object-position: top;\n}\n<\/style>\n  <\/div>\n\n\n\n<\/div><\/div>\n<div class=\"col grid-col small-13 large-4 grid-col-1\" ><div class=\"col-inner\">\n\n\n  <div class=\"banner has-hover\" id=\"banner-55050651\">\n          <div class=\"banner-inner fill\">\n        <div class=\"banner-bg fill\" >\n            <img decoding=\"async\" width=\"420\" height=\"986\" src=\"https:\/\/www.taidemetalli.fi\/wp-content\/uploads\/2019\/03\/ammatit1.jpg\" class=\"bg attachment-original size-original\" alt=\"\" \/>                                    \n                    <\/div>\n\t\t\n        <div class=\"banner-layers container\">\n            <div class=\"fill banner-link\"><\/div>            \n\n   <div id=\"text-box-444198082\" class=\"text-box banner-layer x10 md-x10 lg-x10 y90 md-y90 lg-y90 res-text\">\n                                <div class=\"text-box-content text dark\">\n              \n              <div class=\"text-inner text-left\">\n                  \n\n<h2>Ammatit ja ty\u00f6t<\/h2>\n<p class=\"lead\">Yli 50 eri ammattiryhm\u00e4\u00e4<\/p>\n<a href=\"https:\/\/www.taidemetalli.fi\/sv\/product-category\/ammatit\/\" class=\"button white is-larger\"  style=\"border-radius:99px;\">\n\t\t<span>Tutustu<\/span>\n\t<\/a>\n\n\n\n              <\/div>\n           <\/div>\n                            \n<style>\n#text-box-444198082 {\n  width: 65%;\n}\n#text-box-444198082 .text-box-content {\n  font-size: 100%;\n}\n<\/style>\n    <\/div>\n \n\n        <\/div>\n      <\/div>\n\n            \n<style>\n#banner-55050651 {\n  padding-top: 500px;\n}\n#banner-55050651 .banner-bg img {\n  object-position: 0% 25%;\n}\n<\/style>\n  <\/div>\n\n\n\n<\/div><\/div>\n<div class=\"col grid-col small-13 large-8 grid-col-1-2\" ><div class=\"col-inner\">\n\n\n  <div class=\"banner has-hover\" id=\"banner-1329788312\">\n          <div class=\"banner-inner fill\">\n        <div class=\"banner-bg fill\" >\n            <img decoding=\"async\" width=\"937\" height=\"360\" src=\"https:\/\/www.taidemetalli.fi\/wp-content\/uploads\/2019\/03\/autot2.jpg\" class=\"bg attachment-original size-original\" alt=\"\" \/>                                    \n            <div class=\"effect-sparkle bg-effect fill no-click\"><\/div>        <\/div>\n\t\t\n        <div class=\"banner-layers container\">\n            <div class=\"fill banner-link\"><\/div>            \n\n   <div id=\"text-box-1545224119\" class=\"text-box banner-layer x5 md-x5 lg-x5 y10 md-y10 lg-y10 res-text\">\n                     <div data-animate=\"fadeInLeft\">           <div class=\"text-box-content text dark\">\n              \n              <div class=\"text-inner text-left\">\n                  \n\n<h2><strong>Bilar <br \/>och<\/strong><\/h2>\n<p class=\"lead\">Autot, moottoripy\u00f6r\u00e4t, <br \/>lentokoneet jne.<\/p>\n<a href=\"https:\/\/www.taidemetalli.fi\/sv\/product-category\/autot\/\" class=\"button white is-shade\"  style=\"border-radius:99px;\">\n\t\t<span>Tutustu<\/span>\n\t<\/a>\n\n\n\n              <\/div>\n           <\/div>\n       <\/div>                     \n<style>\n#text-box-1545224119 {\n  width: 90%;\n}\n#text-box-1545224119 .text-box-content {\n  font-size: 102%;\n}\n@media (min-width:550px) {\n  #text-box-1545224119 {\n    width: 65%;\n  }\n}\n<\/style>\n    <\/div>\n \n\n        <\/div>\n      <\/div>\n\n            \n<style>\n#banner-1329788312 {\n  padding-top: 500px;\n}\n#banner-1329788312 .banner-bg img {\n  object-position: 22% 58%;\n}\n<\/style>\n  <\/div>\n\n\n\n<\/div><\/div>\n<div class=\"col grid-col small-13 large-8 grid-col-1-2\" ><div class=\"col-inner\">\n\n\n  <div class=\"banner has-hover\" id=\"banner-1459908914\">\n          <div class=\"banner-inner fill\">\n        <div class=\"banner-bg fill\" >\n            <img decoding=\"async\" width=\"753\" height=\"360\" src=\"https:\/\/www.taidemetalli.fi\/wp-content\/uploads\/2019\/03\/elaimet1a.jpg\" class=\"bg attachment-large size-large\" alt=\"\" \/>                                    \n                    <\/div>\n\t\t\n        <div class=\"banner-layers container\">\n            <div class=\"fill banner-link\"><\/div>            \n\n   <div id=\"text-box-1073685997\" class=\"text-box banner-layer x5 md-x5 lg-x5 y20 md-y20 lg-y20 res-text\">\n                                <div class=\"text-box-content text dark\">\n              \n              <div class=\"text-inner text-center\">\n                  \n\n<h2><strong>El\u00e4imet<\/strong><\/h2>\n<p class=\"lead\">Lemmikit ja <br \/>eksoottisemmat<br \/>el\u00e4inkunnan<br \/>edustajat<\/p>\n<a href=\"https:\/\/www.taidemetalli.fi\/sv\/product-category\/elaimet\/\" class=\"button white\"  style=\"border-radius:99px;\">\n\t\t<span>Tutustu<\/span>\n\t<\/a>\n\n\n\n              <\/div>\n           <\/div>\n                            \n<style>\n#text-box-1073685997 {\n  width: 27%;\n}\n#text-box-1073685997 .text-box-content {\n  font-size: 100%;\n}\n<\/style>\n    <\/div>\n \n\n        <\/div>\n      <\/div>\n\n            \n<style>\n#banner-1459908914 {\n  padding-top: 500px;\n}\n<\/style>\n  <\/div>\n\n\n\n<\/div><\/div>\n<div class=\"col grid-col large-7 grid-col-1-2\" ><div class=\"col-inner\">\n\n\n  <div class=\"banner has-hover\" id=\"banner-1213452787\">\n          <div class=\"banner-inner fill\">\n        <div class=\"banner-bg fill\" >\n            <img decoding=\"async\" width=\"753\" height=\"360\" src=\"https:\/\/www.taidemetalli.fi\/wp-content\/uploads\/2019\/03\/urheilu1.jpg\" class=\"bg attachment-original size-original\" alt=\"\" \/>                                    \n            <div class=\"effect-snow bg-effect fill no-click\"><\/div>        <\/div>\n\t\t\n        <div class=\"banner-layers container\">\n            <div class=\"fill banner-link\"><\/div>            \n\n   <div id=\"text-box-1484282034\" class=\"text-box banner-layer x70 md-x70 lg-x70 y20 md-y20 lg-y20 res-text\">\n                                <div class=\"text-box-content text dark\">\n              \n              <div class=\"text-inner text-center\">\n                  \n\n<h2 style=\"text-align: center;\"><span data-text-color=\"primary\"><strong>Urheilu ja vapaa-aika<\/strong><\/span><\/h2>\n<p class=\"lead\" style=\"text-align: center;\"><span data-text-color=\"primary\">Talvi- ja kes\u00e4lajit!<\/span><\/p>\n<a href=\"https:\/\/www.taidemetalli.fi\/sv\/product-category\/urheilu\/\" class=\"button primary is-large\"  style=\"border-radius:99px;\">\n\t\t<span>Tutustu<\/span>\n\t<\/a>\n\n\n\n              <\/div>\n           <\/div>\n                            \n<style>\n#text-box-1484282034 {\n  width: 34%;\n}\n#text-box-1484282034 .text-box-content {\n  font-size: 100%;\n}\n<\/style>\n    <\/div>\n \n\n        <\/div>\n      <\/div>\n\n            \n<style>\n#banner-1213452787 {\n  padding-top: 500px;\n}\n<\/style>\n  <\/div>\n\n\n\n<\/div><\/div>\n<div class=\"col grid-col small-15 large-5 grid-col-1-2\" ><div class=\"col-inner\">\n\n\n  <div class=\"banner has-hover\" id=\"banner-488442787\">\n          <div class=\"banner-inner fill\">\n        <div class=\"banner-bg fill\" >\n            <img decoding=\"async\" width=\"562\" height=\"400\" src=\"https:\/\/www.taidemetalli.fi\/wp-content\/uploads\/2019\/03\/viini1-562x400.jpg\" class=\"bg attachment-medium size-medium\" alt=\"\" \/>                                    \n                    <\/div>\n\t\t\n        <div class=\"banner-layers container\">\n            <div class=\"fill banner-link\"><\/div>            \n\n   <div id=\"text-box-456506123\" class=\"text-box banner-layer x50 md-x50 lg-x50 y95 md-y95 lg-y95 res-text\">\n                                <div class=\"text-box-content text dark\">\n              \n              <div class=\"text-inner text-center\">\n                  \n\n<h2><strong>Pullotelineet<\/strong><\/h2>\n<a href=\"https:\/\/www.taidemetalli.fi\/sv\/product-category\/pullotelineet\/\" class=\"button white is-large\"  style=\"border-radius:99px;\">\n\t\t<span>Tutustu<\/span>\n\t<\/a>\n\n\n\n              <\/div>\n           <\/div>\n                            \n<style>\n#text-box-456506123 {\n  width: 46%;\n}\n#text-box-456506123 .text-box-content {\n  font-size: 100%;\n}\n<\/style>\n    <\/div>\n \n\n        <\/div>\n      <\/div>\n\n            \n<style>\n#banner-488442787 {\n  padding-top: 500px;\n}\n#banner-488442787 .banner-bg img {\n  object-position: 47% 55%;\n}\n<\/style>\n  <\/div>\n\n\n\n<\/div><\/div>\n<div class=\"col grid-col large-7 grid-col-1-2\" ><div class=\"col-inner\">\n\n\n  <div class=\"banner has-hover\" id=\"banner-640043760\">\n          <div class=\"banner-inner fill\">\n        <div class=\"banner-bg fill\" >\n            <img decoding=\"async\" width=\"937\" height=\"360\" src=\"https:\/\/www.taidemetalli.fi\/wp-content\/uploads\/2019\/03\/kaytto1.jpg\" class=\"bg attachment-large size-large\" alt=\"\" \/>                                    \n                    <\/div>\n\t\t\n        <div class=\"banner-layers container\">\n            <div class=\"fill banner-link\"><\/div>            \n\n   <div id=\"text-box-914818856\" class=\"text-box banner-layer x50 md-x50 lg-x50 y90 md-y90 lg-y90 res-text\">\n                                <div class=\"text-box-content text dark\">\n              \n              <div class=\"text-inner text-center\">\n                  \n\n<h2>K\u00e4ytt\u00f6esineet<\/h2>\n<a href=\"https:\/\/www.taidemetalli.fi\/sv\/product-category\/wc\/\" class=\"button white\"  style=\"border-radius:99px;\">\n\t\t<span>Tutustu<\/span>\n\t<\/a>\n\n\n\n              <\/div>\n           <\/div>\n                            \n<style>\n#text-box-914818856 {\n  width: 60%;\n}\n#text-box-914818856 .text-box-content {\n  font-size: 100%;\n}\n<\/style>\n    <\/div>\n \n\n        <\/div>\n      <\/div>\n\n            \n<style>\n#banner-640043760 {\n  padding-top: 500px;\n}\n<\/style>\n  <\/div>\n\n\n\n<\/div><\/div>\n<div class=\"col grid-col large-5 grid-col-1-2\" ><div class=\"col-inner\">\n\n\n  <div class=\"banner has-hover\" id=\"banner-1228637848\">\n          <div class=\"banner-inner fill\">\n        <div class=\"banner-bg fill\" >\n            <img decoding=\"async\" width=\"538\" height=\"420\" src=\"https:\/\/www.taidemetalli.fi\/wp-content\/uploads\/2019\/03\/seksi1.jpg\" class=\"bg attachment-large size-large\" alt=\"\" \/>                                    \n                    <\/div>\n\t\t\n        <div class=\"banner-layers container\">\n            <div class=\"fill banner-link\"><\/div>            \n\n   <div id=\"text-box-1183827025\" class=\"text-box banner-layer x0 md-x0 lg-x0 y90 md-y90 lg-y90 res-text\">\n                                <div class=\"text-box-content text dark\">\n              \n              <div class=\"text-inner text-center\">\n                  \n\n<h2><span data-text-color=\"primary\">Seksi<\/span><\/h2>\n<a href=\"https:\/\/www.taidemetalli.fi\/sv\/product-category\/seksi\/\" class=\"button primary is-large\"  style=\"border-radius:99px;\">\n\t\t<span>Tutustu<\/span>\n\t<\/a>\n\n\n\n              <\/div>\n           <\/div>\n                            \n<style>\n#text-box-1183827025 {\n  width: 28%;\n}\n#text-box-1183827025 .text-box-content {\n  font-size: 100%;\n}\n<\/style>\n    <\/div>\n \n\n        <\/div>\n      <\/div>\n\n            \n<style>\n#banner-1228637848 {\n  padding-top: 500px;\n}\n<\/style>\n  <\/div>\n\n\n\n<\/div><\/div>\n<div class=\"col grid-col large-5 grid-col-1-2\" ><div class=\"col-inner\">\n\n\n  <div class=\"banner has-hover\" id=\"banner-886470971\">\n          <div class=\"banner-inner fill\">\n        <div class=\"banner-bg fill\" >\n            <img decoding=\"async\" width=\"590\" height=\"420\" src=\"https:\/\/www.taidemetalli.fi\/wp-content\/uploads\/2019\/03\/elamaa1.jpg\" class=\"bg attachment-large size-large\" alt=\"\" \/>                                    \n                    <\/div>\n\t\t\n        <div class=\"banner-layers container\">\n            <div class=\"fill banner-link\"><\/div>            \n\n   <div id=\"text-box-261507480\" class=\"text-box banner-layer x5 md-x5 lg-x5 y90 md-y90 lg-y90 res-text\">\n                                <div class=\"text-box-content text dark\">\n              \n              <div class=\"text-inner text-left\">\n                  \n\n<a href=\"https:\/\/www.taidemetalli.fi\/sv\/product-category\/elamaa\/\" class=\"button primary is-large\"  style=\"border-radius:99px;\">\n\t\t<span>Tutustu<\/span>\n\t<\/a>\n\n\n<h2><span data-text-color=\"primary\">El\u00e4m\u00e4\u00e4 ja tilanteita<\/span><\/h2>\n\n              <\/div>\n           <\/div>\n                            \n<style>\n#text-box-261507480 {\n  width: 60%;\n}\n#text-box-261507480 .text-box-content {\n  font-size: 100%;\n}\n<\/style>\n    <\/div>\n \n\n        <\/div>\n      <\/div>\n\n            \n<style>\n#banner-886470971 {\n  padding-top: 500px;\n}\n<\/style>\n  <\/div>\n\n\n\n<\/div><\/div>\n<div class=\"col grid-col large-7 grid-col-1-2\" ><div class=\"col-inner\">\n\n\n  <div class=\"banner has-hover\" id=\"banner-483555862\">\n          <div class=\"banner-inner fill\">\n        <div class=\"banner-bg fill\" >\n            <img decoding=\"async\" width=\"937\" height=\"360\" src=\"https:\/\/www.taidemetalli.fi\/wp-content\/uploads\/2019\/03\/musiikki1.jpg\" class=\"bg attachment-large size-large\" alt=\"\" \/>                                    \n                    <\/div>\n\t\t\n        <div class=\"banner-layers container\">\n            <div class=\"fill banner-link\"><\/div>            \n\n   <div id=\"text-box-496185888\" class=\"text-box banner-layer x20 md-x20 lg-x20 y95 md-y95 lg-y95 res-text\">\n                                <div class=\"text-box-content text dark\">\n              \n              <div class=\"text-inner text-center\">\n                  \n\n<h2>Musiikki<\/h2>\n<a href=\"https:\/\/www.taidemetalli.fi\/sv\/product-category\/musiikki\/\" class=\"button white\"  style=\"border-radius:99px;\">\n\t\t<span>Tutustu<\/span>\n\t<\/a>\n\n\n\n              <\/div>\n           <\/div>\n                            \n<style>\n#text-box-496185888 {\n  width: 52%;\n}\n#text-box-496185888 .text-box-content {\n  font-size: 100%;\n}\n<\/style>\n    <\/div>\n \n\n        <\/div>\n      <\/div>\n\n            \n<style>\n#banner-483555862 {\n  padding-top: 500px;\n}\n<\/style>\n  <\/div>\n\n\n\n<\/div><\/div>\n\n            <\/div>\n    <style>\n    #banner-grid-1730990161 .grid-col-1{height: 666px}\n    #banner-grid-1730990161 .grid-col-1-2{height: 333px}\n    #banner-grid-1730990161 .grid-col-1-3{height:222px}\n    #banner-grid-1730990161 .grid-col-2-3{height: 444px}\n    #banner-grid-1730990161 .grid-col-1-4{height: 166.5px}\n    #banner-grid-1730990161 .grid-col-3-4{height: 499.5px}\n\n\n    \n    \n\n  <\/style>\n    <\/div>\n  \n\n\t\t<\/div>\n\n\t\t\n<style>\n#section_913659146 {\n  padding-top: 30px;\n  padding-bottom: 30px;\n  background-color: rgb(255, 255, 255);\n}\n<\/style>\n\t<\/section>","protected":false},"excerpt":{"rendered":"","protected":false},"author":1,"featured_media":0,"parent":0,"menu_order":1,"comment_status":"closed","ping_status":"closed","template":"page-blank.php","meta":{"_acf_changed":false,"footnotes":""},"class_list":["post-31","page","type-page","status-publish","hentry"],"acf":[],"yoast_head":"<!-- This site is optimized with the Yoast SEO plugin v27.1.1 - https:\/\/yoast.com\/product\/yoast-seo-wordpress\/ -->\n<title>Taidemetalli - lahjaideoita jokaiselle<\/title>\n<meta name=\"description\" content=\"Upeat k\u00e4sity\u00f6n\u00e4 tehdyt taidemetalliteokset ovat t\u00e4ydellinen lahjaidea jokaiselle. Tutustu kokoelmaamme ja l\u00f6yd\u00e4 omasi.\" \/>\n<meta name=\"robots\" content=\"index, follow, max-snippet:-1, max-image-preview:large, max-video-preview:-1\" \/>\n<link rel=\"canonical\" href=\"https:\/\/www.taidemetalli.fi\/sv\/\" \/>\n<meta property=\"og:locale\" content=\"sv_SE\" \/>\n<meta property=\"og:type\" content=\"article\" \/>\n<meta property=\"og:title\" content=\"Taidemetalli - lahjaideoita jokaiselle\" \/>\n<meta property=\"og:description\" content=\"Upeat k\u00e4sity\u00f6n\u00e4 tehdyt taidemetalliteokset ovat t\u00e4ydellinen lahjaidea jokaiselle. Tutustu kokoelmaamme ja l\u00f6yd\u00e4 omasi.\" \/>\n<meta property=\"og:url\" content=\"https:\/\/www.taidemetalli.fi\/sv\/\" \/>\n<meta property=\"og:site_name\" content=\"Taidemetalli\" \/>\n<meta property=\"article:publisher\" content=\"https:\/\/www.facebook.com\/taidemetalli\" \/>\n<meta property=\"article:modified_time\" content=\"2025-11-06T07:26:36+00:00\" \/>\n<meta name=\"twitter:card\" content=\"summary_large_image\" \/>\n<meta name=\"twitter:label1\" content=\"Ber\u00e4knad l\u00e4stid\" \/>\n\t<meta name=\"twitter:data1\" content=\"2 minuter\" \/>\n<script type=\"application\/ld+json\" class=\"yoast-schema-graph\">{\"@context\":\"https:\/\/schema.org\",\"@graph\":[{\"@type\":\"WebPage\",\"@id\":\"https:\/\/www.taidemetalli.fi\/\",\"url\":\"https:\/\/www.taidemetalli.fi\/\",\"name\":\"Taidemetalli - lahjaideoita jokaiselle\",\"isPartOf\":{\"@id\":\"https:\/\/www.taidemetalli.fi\/#website\"},\"datePublished\":\"2016-04-26T12:34:20+00:00\",\"dateModified\":\"2025-11-06T07:26:36+00:00\",\"description\":\"Upeat k\u00e4sity\u00f6n\u00e4 tehdyt taidemetalliteokset ovat t\u00e4ydellinen lahjaidea jokaiselle. Tutustu kokoelmaamme ja l\u00f6yd\u00e4 omasi.\",\"breadcrumb\":{\"@id\":\"https:\/\/www.taidemetalli.fi\/#breadcrumb\"},\"inLanguage\":\"sv-SE\",\"potentialAction\":[{\"@type\":\"ReadAction\",\"target\":[\"https:\/\/www.taidemetalli.fi\/\"]}]},{\"@type\":\"BreadcrumbList\",\"@id\":\"https:\/\/www.taidemetalli.fi\/#breadcrumb\",\"itemListElement\":[{\"@type\":\"ListItem\",\"position\":1,\"name\":\"Etusivu\",\"item\":\"https:\/\/www.taidemetalli.fi\/\"},{\"@type\":\"ListItem\",\"position\":2,\"name\":\"Vendor Shop\"}]},{\"@type\":\"WebSite\",\"@id\":\"https:\/\/www.taidemetalli.fi\/#website\",\"url\":\"https:\/\/www.taidemetalli.fi\/\",\"name\":\"Taidemetalli\",\"description\":\"Upeat ja ainutlaatuiset lahjat! Joululahjat, syntym&auml;p&auml;iv&auml;lahjat tai liikelahjat\",\"publisher\":{\"@id\":\"https:\/\/www.taidemetalli.fi\/#organization\"},\"potentialAction\":[{\"@type\":\"SearchAction\",\"target\":{\"@type\":\"EntryPoint\",\"urlTemplate\":\"https:\/\/www.taidemetalli.fi\/?s={search_term_string}\"},\"query-input\":{\"@type\":\"PropertyValueSpecification\",\"valueRequired\":true,\"valueName\":\"search_term_string\"}}],\"inLanguage\":\"sv-SE\"},{\"@type\":\"Organization\",\"@id\":\"https:\/\/www.taidemetalli.fi\/#organization\",\"name\":\"Lenan Taidemetalli Oy\",\"alternateName\":\"Taidemetalli\",\"url\":\"https:\/\/www.taidemetalli.fi\/\",\"logo\":{\"@type\":\"ImageObject\",\"inLanguage\":\"sv-SE\",\"@id\":\"https:\/\/www.taidemetalli.fi\/#\/schema\/logo\/image\/\",\"url\":\"https:\/\/www.taidemetalli.fi\/wp-content\/uploads\/2019\/03\/taidemetalli-fi.png\",\"contentUrl\":\"https:\/\/www.taidemetalli.fi\/wp-content\/uploads\/2019\/03\/taidemetalli-fi.png\",\"width\":647,\"height\":195,\"caption\":\"Lenan Taidemetalli Oy\"},\"image\":{\"@id\":\"https:\/\/www.taidemetalli.fi\/#\/schema\/logo\/image\/\"},\"sameAs\":[\"https:\/\/www.facebook.com\/taidemetalli\",\"https:\/\/www.instagram.com\/taidemetalli\/\",\"https:\/\/www.tiktok.com\/@taidemetalli\"]}]}<\/script>\n<!-- \/ Yoast SEO plugin. -->","yoast_head_json":{"title":"Taidemetalli - lahjaideoita jokaiselle","description":"Upeat k\u00e4sity\u00f6n\u00e4 tehdyt taidemetalliteokset ovat t\u00e4ydellinen lahjaidea jokaiselle. Tutustu kokoelmaamme ja l\u00f6yd\u00e4 omasi.","robots":{"index":"index","follow":"follow","max-snippet":"max-snippet:-1","max-image-preview":"max-image-preview:large","max-video-preview":"max-video-preview:-1"},"canonical":"https:\/\/www.taidemetalli.fi\/sv\/","og_locale":"sv_SE","og_type":"article","og_title":"Taidemetalli - lahjaideoita jokaiselle","og_description":"Upeat k\u00e4sity\u00f6n\u00e4 tehdyt taidemetalliteokset ovat t\u00e4ydellinen lahjaidea jokaiselle. Tutustu kokoelmaamme ja l\u00f6yd\u00e4 omasi.","og_url":"https:\/\/www.taidemetalli.fi\/sv\/","og_site_name":"Taidemetalli","article_publisher":"https:\/\/www.facebook.com\/taidemetalli","article_modified_time":"2025-11-06T07:26:36+00:00","twitter_card":"summary_large_image","twitter_misc":{"Ber\u00e4knad l\u00e4stid":"2 minuter"},"schema":{"@context":"https:\/\/schema.org","@graph":[{"@type":"WebPage","@id":"https:\/\/www.taidemetalli.fi\/","url":"https:\/\/www.taidemetalli.fi\/","name":"Taidemetalli - lahjaideoita jokaiselle","isPartOf":{"@id":"https:\/\/www.taidemetalli.fi\/#website"},"datePublished":"2016-04-26T12:34:20+00:00","dateModified":"2025-11-06T07:26:36+00:00","description":"Upeat k\u00e4sity\u00f6n\u00e4 tehdyt taidemetalliteokset ovat t\u00e4ydellinen lahjaidea jokaiselle. Tutustu kokoelmaamme ja l\u00f6yd\u00e4 omasi.","breadcrumb":{"@id":"https:\/\/www.taidemetalli.fi\/#breadcrumb"},"inLanguage":"sv-SE","potentialAction":[{"@type":"ReadAction","target":["https:\/\/www.taidemetalli.fi\/"]}]},{"@type":"BreadcrumbList","@id":"https:\/\/www.taidemetalli.fi\/#breadcrumb","itemListElement":[{"@type":"ListItem","position":1,"name":"Etusivu","item":"https:\/\/www.taidemetalli.fi\/"},{"@type":"ListItem","position":2,"name":"Vendor Shop"}]},{"@type":"WebSite","@id":"https:\/\/www.taidemetalli.fi\/#website","url":"https:\/\/www.taidemetalli.fi\/","name":"Taidemetalli","description":"Upeat ja ainutlaatuiset lahjat! Joululahjat, syntym&auml;p&auml;iv&auml;lahjat tai liikelahjat","publisher":{"@id":"https:\/\/www.taidemetalli.fi\/#organization"},"potentialAction":[{"@type":"SearchAction","target":{"@type":"EntryPoint","urlTemplate":"https:\/\/www.taidemetalli.fi\/?s={search_term_string}"},"query-input":{"@type":"PropertyValueSpecification","valueRequired":true,"valueName":"search_term_string"}}],"inLanguage":"sv-SE"},{"@type":"Organization","@id":"https:\/\/www.taidemetalli.fi\/#organization","name":"Lenan Taidemetalli Oy","alternateName":"Taidemetalli","url":"https:\/\/www.taidemetalli.fi\/","logo":{"@type":"ImageObject","inLanguage":"sv-SE","@id":"https:\/\/www.taidemetalli.fi\/#\/schema\/logo\/image\/","url":"https:\/\/www.taidemetalli.fi\/wp-content\/uploads\/2019\/03\/taidemetalli-fi.png","contentUrl":"https:\/\/www.taidemetalli.fi\/wp-content\/uploads\/2019\/03\/taidemetalli-fi.png","width":647,"height":195,"caption":"Lenan Taidemetalli Oy"},"image":{"@id":"https:\/\/www.taidemetalli.fi\/#\/schema\/logo\/image\/"},"sameAs":["https:\/\/www.facebook.com\/taidemetalli","https:\/\/www.instagram.com\/taidemetalli\/","https:\/\/www.tiktok.com\/@taidemetalli"]}]}},"_links":{"self":[{"href":"https:\/\/www.taidemetalli.fi\/sv\/wp-json\/wp\/v2\/pages\/31","targetHints":{"allow":["GET"]}}],"collection":[{"href":"https:\/\/www.taidemetalli.fi\/sv\/wp-json\/wp\/v2\/pages"}],"about":[{"href":"https:\/\/www.taidemetalli.fi\/sv\/wp-json\/wp\/v2\/types\/page"}],"author":[{"embeddable":true,"href":"https:\/\/www.taidemetalli.fi\/sv\/wp-json\/wp\/v2\/users\/1"}],"replies":[{"embeddable":true,"href":"https:\/\/www.taidemetalli.fi\/sv\/wp-json\/wp\/v2\/comments?post=31"}],"version-history":[{"count":68,"href":"https:\/\/www.taidemetalli.fi\/sv\/wp-json\/wp\/v2\/pages\/31\/revisions"}],"predecessor-version":[{"id":5932,"href":"https:\/\/www.taidemetalli.fi\/sv\/wp-json\/wp\/v2\/pages\/31\/revisions\/5932"}],"wp:attachment":[{"href":"https:\/\/www.taidemetalli.fi\/sv\/wp-json\/wp\/v2\/media?parent=31"}],"curies":[{"name":"wp","href":"https:\/\/api.w.org\/{rel}","templated":true}]}}