{"id":2284,"date":"2019-04-08T19:58:43","date_gmt":"2019-04-08T19:58:43","guid":{"rendered":"https:\/\/www.taidemetalli.fi\/?page_id=2284"},"modified":"2025-10-13T06:11:15","modified_gmt":"2025-10-13T06:11:15","slug":"toimitusehdot","status":"publish","type":"page","link":"https:\/\/www.taidemetalli.fi\/sv\/toimitusehdot\/","title":{"rendered":"Toimitusehdot"},"content":{"rendered":"<p>Detta \u00e4r de nuvarande leveransvillkoren f\u00f6r Lena Taidemetalli Oy \/ Taidemetalli.fi onlinebutik.<\/p>\n\n\n\n<p>V\u00e5rt momsregistreringsnummer \u00e4r FI33269567.<\/p>\n\n\n\n<h3 class=\"wp-block-heading\">1. Allm\u00e4n information<\/h3>\n\n\n\n<p>N\u00e4m\u00e4 sopimusehdot ovat voimassa siin\u00e4\nmuodossa, kun ne olivat tilauksen tekohetkell\u00e4 Taidemetalli.fi\nverkkokaupan www-sivuilla luettavissa.<\/p>\n\n\n\n<p>Kuluttajakauppoihin sovelletaan Suomen ja\nEuroopan Unionin kuluttajakaupasta ja et\u00e4myynnist\u00e4 antamia lakeja.\nMik\u00e4li kuluttajan oikeudet rajoittuisivat n\u00e4it\u00e4 sopimusehtoja\nsovellettaessa siit\u00e4, mit\u00e4 kuluttajansuojalaissa on m\u00e4\u00e4r\u00e4tty,\nnoudatetaan kuluttajansuojalain m\u00e4\u00e4r\u00e4yksi\u00e4.<\/p>\n\n\n\n<p>Pid\u00e4t\u00e4mme oikeuden muuttaa n\u00e4it\u00e4\nsopimusehtoja ilman ennakkoilmoitusta.<\/p>\n\n\n\n<h3 class=\"wp-block-heading\">2.  Asiakas ja\nasiakastiedot<\/h3>\n\n\n\n<p>Myymme verkkokaupassa tuotteitamme ja\npalveluitamme 18 vuotta t\u00e4ytt\u00e4neille yksityishenkil\u00f6ille\n(j\u00e4ljemp\u00e4n\u00e4 kuluttaja). Mik\u00e4li olet alle 18-vuotias, tarvitset\nverkkokaupassamme asiointiin holhoojasi luvan. Holhoojan lupa tulee\ntoimittaa kirjallisena.<\/p>\n\n\n\n<p>Myymme tuotteitamme ja palveluitamme verkkokaupassa my\u00f6s yrityksille ja muille yhteis\u00f6ille. Yritys- ja yhteis\u00f6asiakkaita koskevia erityisehtoja on kohdassa 10. Kyseiset ehdot eiv\u00e4t tule sovellettaviksi kuluttajakaupoissa.<\/p>\n\n\n\n<p>Asiakas on velvoitettu luovuttamaan tilausta\ntehdess\u00e4\u00e4n t\u00e4ydelliset yhteystietonsa, jotka sis\u00e4lt\u00e4v\u00e4t\nkuluttaja-asiakkaalta v\u00e4hint\u00e4\u00e4n nimen, osoitteen ja puhelinnumeron\nsek\u00e4 mahdollisesti s\u00e4hk\u00f6postiosoitteen. Yritysasiakkailta\nvaadittavat tiedot ovat yhteyshenkil\u00f6n nimi, puhelinnumero ja\ns\u00e4hk\u00f6posti sek\u00e4 y-tunnus, postiosoite, puhelinnumero tai \u2013numerot\nja tarvittaessa laskutusosoite.<\/p>\n\n\n\n<p>Asiakastietojen ker\u00e4\u00e4mist\u00e4 koskevaa tietoa l\u00f6yd\u00e4t t\u00e4\u00e4lt\u00e4. Lenan Taidemetalli Oy ei luovuta asiakastietoja eteenp\u00e4in.<\/p>\n\n\n\n<h3 class=\"wp-block-heading\">3. Tuotteet ja hinnat<\/h3>\n\n\n\n<p>Verkkokauppamme hinnat sis\u00e4lt\u00e4v\u00e4t\narvonlis\u00e4veron, mutta eiv\u00e4t kuljetusta ellei toisin ole mainittu.\nJos hinnastossa on selvi\u00e4 hintavirheit\u00e4, tuotetta ei myyd\u00e4\nselv\u00e4sti alempaan hintaan, jos voidaan olettaa asiakkaan ymm\u00e4rt\u00e4neen\nvirheen olemassaolo.<\/p>\n\n\n\n<p>Mik\u00e4li ostetun tuotteen tai palvelun hinta\nnousee ennen toimitusta, noudatetaan alkuper\u00e4st\u00e4 kaupantekohetken\nhintaa. Mik\u00e4li tuotteen hinta laskee ennen toimitusta, toimitamme\ntuotteen uudella edullisemmalla hinnalla.<\/p>\n\n\n\n<p>Asiakkaan toivomuksesta valmistetuille,\ntilatuille tai muokatuille tuotteille ei my\u00f6nnet\u00e4 yksipuolista\nperuutusoikeutta. Peruutuksen yhteydess\u00e4 tilauksesta mahdollisesti\naiheutuneet kustannukset perit\u00e4\u00e4n kokonaisuudessaan ostajalta.<\/p>\n\n\n\n<h3 class=\"wp-block-heading\">4. Tuotetuki<\/h3>\n\n\n\n<p>Annamme tuotetukea ja k\u00e4ytt\u00f6opastusta\nmyymiimme tuotteisiin kotisivuillamme kohdassa Tuotetuki sek\u00e4\ns\u00e4hk\u00f6posti- ett\u00e4 puhelinneuvonnan muodossa.<\/p>\n\n\n\n<p>L\u00e4het\u00e4 tukipyynt\u00f6si asiakaspalveluumme. Vastaamme tukipyynt\u00f6\u00f6si 1-2 arkip\u00e4iv\u00e4n kuluessa s\u00e4hk\u00f6postisi vastaanottamisesta. Mik\u00e4li haluat, ett\u00e4 kontaktoimme sinua puhelimitse, liit\u00e4 s\u00e4hk\u00f6postiisi my\u00f6s puhelinnumerosi.<\/p>\n\n\n\n<h3 class=\"wp-block-heading\">5. Tilaaminen<\/h3>\n\n\n\n<p>Tilaaminen tai ostaminen Taidemetalli.fi\nverkkokaupasta ei vaadi rekister\u00f6itymist\u00e4.<\/p>\n\n\n\n<p>Kun tilaus tulee j\u00e4rjestelm\u00e4\u00e4mme,\nl\u00e4het\u00e4mme asiakkaalle tilausvahvistuksen s\u00e4hk\u00f6postilla. Kun\nolemme vastaanottaneet tilauksen ja asiakkaalle on l\u00e4hetetty\ntilausvahvistus s\u00e4hk\u00f6postilla, se on asiakasta sitova.<\/p>\n\n\n\n<p>Tuotevalikoimamme ja hinnastomme ovat\nkokonaisuudessaan n\u00e4ht\u00e4viss\u00e4 verkkokaupassamme. Hinnoista on\nilmoitettu verollinen hinta. Varaamme oikeuden myynnin rajoittamiseen\nesim. tuotteen tilap\u00e4isten saatavuusongelmien vuoksi.<\/p>\n\n\n\n<p>Tilauksen tekeminen edellytt\u00e4\u00e4, ett\u00e4\nasiakas antaa yhteystietonsa verkkokauppamme pyyt\u00e4m\u00e4ss\u00e4 muodossa.\nKuluttaja-asiakkaiden osalta t\u00e4m\u00e4 tarkoittaa v\u00e4hint\u00e4\u00e4n nimen,\npostiosoitteen, puhelinnumeron ja s\u00e4hk\u00f6postiosoitteen\nluovuttamista.<\/p>\n\n\n\n<p>Yritys- ja yhteis\u00f6asiakkaiden osalta\ntarvitaan yrityksen nimi, osoite, puhelinnumero, Y-tunnus sek\u00e4\nyhteyshenkil\u00f6n nimi, puhelinnumero ja s\u00e4hk\u00f6postiosoite.<\/p>\n\n\n\n<p>Pid\u00e4t\u00e4mme oikeuden rajoittaa tuotteiden\nmyynti\u00e4 poikkeuksellisen suurissa eriss\u00e4.<\/p>\n\n\n\n<p>Ota kimppa- tms. yhteistilausten ja\nprojektimyynnin sek\u00e4 n\u00e4it\u00e4 koskevien tarjouspyynt\u00f6jen osalta\ns\u00e4hk\u00f6postitse yhteytt\u00e4 asiakaspalveluumme.<\/p>\n\n\n\n<h3 class=\"wp-block-heading\">6. Sitovan kauppasopimuksen syntyminen ja maksaminen<\/h3>\n\n\n\n<p>Sitova kauppasopimus syntyy, kun tilauksesi\nkirjautuu verkkokauppamme j\u00e4rjestelm\u00e4\u00e4n.<\/p>\n\n\n\n<p>Tarjoamme asiakkaille maksutavoiksi Visma Payn maksutavat tai tilisiirto etuk\u00e4teen.\n<\/p>\n\n\n\n<p><strong>Maksaminen<\/strong><\/p>\n\n\n\n<p>Verkkokaupan maksuv\u00e4litt\u00e4j\u00e4n\u00e4 toimii Visma Pay (Visma Payments Oy, y-tunnus 2486559-4), joka on rekister\u00f6ity Finanssivalvonnan yll\u00e4pit\u00e4m\u00e4\u00e4n maksulaitosrekisteriin. Maksamiseen siirryt\u00e4\u00e4n Visma Payn verkkopalvelun kautta ja tiliotteella ja laskulla maksun saajana n\u00e4kyy Visma Pay tai Visma Payments Oy. Visma Pay v\u00e4litt\u00e4\u00e4 maksut verkkokauppiaalle. Maksaminen on turvallista, sill\u00e4 kaikki maksutapahtumaa koskevat tiedot v\u00e4litet\u00e4\u00e4n salattua yhteytt\u00e4 k\u00e4ytt\u00e4en niin ettei kukaan ulkopuolinen taho n\u00e4e maksutapahtuman tietoja.<\/p>\n\n\n\n<p>Kauppa syntyy verkkokaupan asiakkaan ja verkkokaupan v\u00e4lille. Verkkokaupan vastuulla ovat kaikki kauppaan liittyv\u00e4t velvoitteet.<\/p>\n\n\n\n<p>Lue lis\u00e4\u00e4 Visma Paysta: https:\/\/www.visma.fi\/vismapay\/<\/p>\n\n\n\n<p><strong>Maksutavat<\/strong><\/p>\n\n\n\n<p>Visma Pay -palvelun kautta voit maksaa verkkopankkitunnuksilla, lompakolla, maksukorteilla (credit\/debit), laskulla tai osamaksulla. K\u00e4ytett\u00e4viss\u00e4 ovat seuraavat maksutavat: Osuuspankki, Nordea, Danske Bank, Oma S\u00e4\u00e4st\u00f6pankki, S\u00e4\u00e4st\u00f6pankki, Aktia, Paikallisosuuspankit, S-Pankki, Handelsbanken, \u00c5landsbanken, MobilePay, Masterpass, Pivo, Visa-, Visa Debit-, Visa Electron-, MasterCard- ja Debit MasterCard -kortit, sek\u00e4 Jousto, Fellow Lasku ja Fellow Yrityslasku.\n<\/p>\n\n\n\n<p><strong>MobilePay: <\/strong>Voit maksaa MobilePay-lompakollasi mik\u00e4li olet sallinut verkkokaupoissa maksamisen sovelluksen asetuksista. MobilePay-lompakolla suoritetut maksut veloitetaan lompakkoon liitetylt\u00e4 maksukortilta. Mik\u00e4li maksun veloittaminen maksukortilta ep\u00e4onnistuu, MobilePay-lompakolla maksaminen ei ole mahdollista verkkokaupassa.<\/p>\n\n\n\n<p><strong>Jousto lasku ja osamaksu:<\/strong> Jousto lasku ja osamaksu on kotimainen palvelu, jolla teet ostoksesi nopeasti ja turvallisesti. Jousto on tarkoitettu yksityishenkil\u00f6ille, jotka ovat hoitaneet raha-asiansa moitteettomasti. Joustolla saat 30 vuorokautta korotonta ja kulutonta maksuaikaa. Laskun saatuasi voit p\u00e4\u00e4tt\u00e4\u00e4 maksatko sen kokonaan vai osissa. Osamaksulla voit maksaa ostoksesi jopa 36:ssa er\u00e4ss\u00e4, alkaen 9,90 eur\/kk. Jousto osamaksun kustannukset ovat 3,90 eur\/kk ja 19,90%:n luottokorko. Voit maksaa Joustolla 30\u20133000 euron ostoksia. Luotonmy\u00f6nt\u00e4j\u00e4n\u00e4 toimii Aurajoki Nordic Oy. Lue lis\u00e4\u00e4 Joustosta osoitteessa www.jousto.com.<\/p>\n\n\n<p><strong>Pivo: <\/strong>K\u00e4ytt\u00f6ehdot ovat tarjolla Pivon sivuilla: https:\/\/pivo.fi\/kayttoehdot\/pivon-kayttoehdot\/<\/p>\n\n\n<p><strong>Fellow Yrityslasku: <\/strong>\nMarkkinoiden helpointa B2B ostamista<br>\nOstaminen Fellow Yrityslaskulla onnistuu l\u00e4hes aina pelkkien yhteystietojen avulla, ilman vahvaa tunnistautumista. Riitt\u00e4\u00e4, ett\u00e4 pystymme varmistamaan ostajan ja h\u00e4nen edustaman yrityksen v\u00e4lisen yhteyden. Lasku l\u00e4hetet\u00e4\u00e4n ensisijaisesti verkkolaskuna, mutta my\u00f6s s\u00e4hk\u00f6postilasku ja paperilasku ovat mahdollisia. Meill\u00e4 on valmiina tiedossa yritysten viralliset verkkolaskuosoitteet, joten my\u00f6s laskutusosoitteen valinta on helppoa. Ostolaskun k\u00e4sittely on suunniteltu yritysostajan kannalta mahdollisimman sujuvaksi ja ostaja saa lis\u00e4tty laskulle laskun kohdentamiseen tarvittavat viitetiedot. Lis\u00e4ksi laskulta l\u00f6ytyy ALV-erittely.\n<br><br>\nFellow Yrityslaskun normaali maksuaika on 14 vuorokautta. Halutessaan maksuaikaa voi pident\u00e4\u00e4 jopa 60 vuorokauteen. Fellow Yrityslaskun luottoraja on 5000 \u20ac. Jos yrityksenne tarvitsee korkeamman luottorajan, voitte olla yhteydess\u00e4 Fellow asiakaspalveluun. Fellow Yrityslaskun mahdollistaa Fellow Bank Oyj. Lis\u00e4tietoja Fellow Yrityslaskusta l\u00f6ytyy seuraavasta linkist\u00e4: https:\/\/www.fellowpankki.fi<\/p>\n\n\n\n<p>Visma Pay -maksupalvelun yhteystiedot<\/p>\n\n\n\n<p>Visma Payments Oy (Y-tunnus 2486559-4)<\/p>\n\n\n\n<p>S\u00e4hk\u00f6posti: helpdesk@vismapay.com\/p&gt;<\/p>\n\n\n\n<p>Puhelin: 09 315 42 037 (arkisin klo 8-16)<\/p>\n\n\n\n<p>Postiosoite: Brahenkatu 4, 53100 Lappeenranta<\/p>\n\n\n\n<p><strong>Tilisiirto etuk\u00e4teen:<\/strong> Edullinen tapa\nmaksaa tilaus. Heti tilauksen j\u00e4lkeen saat vahvistuksen\ns\u00e4hk\u00f6postiisi joka sis\u00e4lt\u00e4\u00e4 tilinumeron, viitenumeron ja summan.\nKun maksusuoritus on saapunut tilillemme, tilaus l\u00e4hetet\u00e4\u00e4n. Rahan\nsiirto kest\u00e4\u00e4 1-2 pankkip\u00e4iv\u00e4\u00e4. <\/p>\n\n\n\n<h3 class=\"wp-block-heading\">7. Toimittaminen, toimitusajat ja toimituskulut<\/h3>\n\n\n\n<p>Ostetut tuotteiden toimitus voidaan hoitaa\nseuraavilla tavoilla:<\/p>\n\n\n\n<ol class=\"wp-block-list\">\n<li>\nVoit noutaa tilaamasi tuotteet\n\tmyym\u00e4l\u00e4st\u00e4mme\n\t<\/li>\n\n\n\n<li>\nVoit my\u00f6s sopia noudon TMK\n\tj\u00e4rjest\u00e4mist\u00e4 tapahtumista ilman erillisi\u00e4 rahtikuluja.\n\t<\/li>\n\n\n\n<li>\nVoimme toimittaa tilaamasi tuotteet\n\tl\u00e4himp\u00e4\u00e4n <strong>Matkahuollon tai Postin <\/strong>toimipisteeseen.\n<\/li>\n<\/ol>\n\n\n\n<p>Toimitamme ostetut tuotteet kuljetukseen\nnormaalisti 1-4 p\u00e4iv\u00e4n k\u00e4sittelyajalla. Mik\u00e4li tilaus k\u00e4sitt\u00e4\u00e4\nuseita tuotteita, toimitamme tilauksen kuljetukseen, kun kaikki\ntuotteet ovat varastossamme.<\/p>\n\n\n\n<p>Toimituskulut m\u00e4\u00e4r\u00e4ytyv\u00e4t painon mukaan.\nVerkkokauppa laskee ostoskorin painon ja kertoo toimituskulujen\nsuuruuden tilausta tehdess\u00e4.<\/p>\n\n\n\n<h3 class=\"wp-block-heading\">8. Toimituksessa rikkoutuneet tuotteet<\/h3>\n\n\n\n<p>Valitettavasti huolellisesta pakkaamisesta\nhuolimatta ei aina onnistu kuljettamaan paketteja ehj\u00e4n\u00e4 perille.\nT\u00e4m\u00e4n takia on hyv\u00e4 jo l\u00e4hetyst\u00e4 noudettaessa tarkistaa paketin\nkunto ja mahdolliset vauriot paketissa. Mik\u00e4li l\u00e4hetys on\nvaurioitunut kuljetuksessa, tee HETI vahinkoilmoitus tuotteen\nkuljettaneeseen yritykseen. Ota my\u00f6s yhteys meihin t\u00e4st\u00e4, niin\nsovimme uuden tuotteen toimituksesta.<\/p>\n\n\n\n<h3 class=\"wp-block-heading\">9. Palautusoikeus ja tuotteiden palauttaminen<\/h3>\n\n\n\n<ul class=\"wp-block-list\">\n<li>\nIlmoita meille puhelimitse tai\n\ts\u00e4hk\u00f6postitse, ett\u00e4 olet palauttamassa tuotetta.\n\t<\/li>\n\n\n\n<li>Asiakas vastaa tuotteiden palautuskuluista. <\/li>\n\n\n\n<li>\nPalautusaika on tuotteen noudosta on\n\t14 p\u00e4iv\u00e4\u00e4\u2028.\n\t<\/li>\n\n\n\n<li>Palautettavassa tuotteessa tai tuotteissa ei saa olla mit\u00e4\u00e4n k\u00e4ytt\u00e4misen j\u00e4lki\u00e4 tai vahinkoja. Kaikki tuotteen \/ tuotteiden osat tai ominaisuudet tarvitsee palauttaa alkuper\u00e4isess\u00e4 paketissa. <\/li>\n\n\n\n<li>Palauttaminen tulee tehd\u00e4 samalla tavalla, kuin tuote on toimitettu, tuotetta EI SAA palauttaa muulla tavalla, jos siit\u00e4 ei ole erikseen sovittu meid\u00e4n kanssa <\/li>\n\n\n\n<li>Viallinen tuote vaihdetaan ainoastaan samaan uuteen nimikkeeseen. Mik\u00e4li sit\u00e4 ei ole valikoimassa, palautamme kauppasumman tilillenne tuotteen tarkistuksen j\u00e4lkeen. Jos tuotteella on muita palautusehtoja, niist\u00e4 on mainittu aina erikseen tuotetiedoissa. <\/li>\n\n\n\n<li>Palautamme tuotteen kauppasumman tilillenne, heti kun palautus on saapunut meille.<\/li>\n\n\n\n<li>Toimitettuihin tuotteisiin mahdollisesti liittyvi\u00e4 muita kuluja ei palauteta. <strong>Emme lunasta posti- tai bussiennakolla l\u00e4hetettyj\u00e4 palautuksia.<\/strong><\/li>\n\n\n\n<li>Lenan Taidemetalli Oy ei ole vastuussa huolimattomasti ja sopimusehtojen vastaisesti pakattujen palautusten vahingoittumisesta. Asiakkaan puolelta tulleesta virheest\u00e4 aiheutuneet kustannukset perit\u00e4\u00e4n asiakkaalta. <\/li>\n\n\n\n<li>Lenan Taidemetalli Oy pid\u00e4tt\u00e4\u00e4 oikeuden peri\u00e4 kustannukset asiakkaalta, jos asiakaspalautus on tehty aiheetta tai sopimusehtojen vastaisesti. Asiakkaalta perit\u00e4\u00e4n Lenan Taidemetalli Oy:n k\u00e4sittely- ja toimituskulut. <\/li>\n<\/ul>\n\n\n\n<p><strong>PALAUTUKSEN TEKO-OHJE:<\/strong><\/p>\n\n\n\n<p><strong>Ilmoita meille puhelimitse tai s\u00e4hk\u00f6postitse, ett\u00e4 olet palauttamassa tuotetta.<\/strong><\/p>\n\n\n\n<p><strong><em>L\u00e4het\u00e4mme teille palautusohjeet.<\/em><\/strong><\/p>\n\n\n\n<p><strong>Laita pakettiin mukaan yhteystietosi tilinumeroineen (esimerkiksi. kopio kuitista)<\/strong><\/p>\n\n\n\n<h3 class=\"wp-block-heading\">10. Yritys- ja yhteis\u00f6asiakkaita koskevat erityisehdot<\/h3>\n\n\n\n<p>Lenan Taidemetalli Oy:n sek\u00e4 yritys- ja yhteis\u00f6asiakkaiden v\u00e4lisiin kauppoihin sovelletaan n\u00e4iden sopimusehtojen ohella Suomen kauppalakia.<\/p>\n\n\n\n<p>Tuotteet ja palvelut myyd\u00e4\u00e4n sellaisina\nkuin ne ostohetkell\u00e4 ovat.<\/p>\n\n\n\n<p>My\u00f6nn\u00e4mme yritysasiakkaille 14 p\u00e4iv\u00e4n\nrajoitetun palautusoikeuden verkkokaupasta ostettuihin tuotteisiin.\nPalautettavien tuotteiden tulee olla avaamattomissa\nmyyntipakkauksissa.<\/p>\n\n\n\n<p>Lenan Taidemetalli Oy ei vastaa ostetun tuotteen virheest\u00e4 mahdollisesti aiheutuvista v\u00e4litt\u00f6mist\u00e4 tai v\u00e4lillisist\u00e4 vahingoista. Lenan Taidemetalli Oy vastuu tuotteen virheest\u00e4 rajoittuu kaupan purkamiseen ja kauppahinnan palauttamiseen.<\/p>","protected":false},"excerpt":{"rendered":"<p>N\u00e4m\u00e4 ovat Lenan Taidemetalli Oy \/ Taidemetalli.fi verkkokaupan yleiset voimassa olevat toimitusehdot. Y-tunnuksemme on 3326956-7. 1. Yleist\u00e4 N\u00e4m\u00e4 sopimusehdot ovat voimassa siin\u00e4 muodossa, kun ne olivat tilauksen tekohetkell\u00e4 Taidemetalli.fi verkkokaupan www-sivuilla luettavissa. Kuluttajakauppoihin sovelletaan Suomen ja Euroopan Unionin kuluttajakaupasta ja et\u00e4myynnist\u00e4 antamia lakeja. Mik\u00e4li kuluttajan oikeudet rajoittuisivat n\u00e4it\u00e4 sopimusehtoja sovellettaessa siit\u00e4, mit\u00e4 kuluttajansuojalaissa on m\u00e4\u00e4r\u00e4tty, [&#8230;]\n","protected":false},"author":1,"featured_media":0,"parent":0,"menu_order":0,"comment_status":"closed","ping_status":"closed","template":"","meta":{"_acf_changed":false,"footnotes":""},"class_list":["post-2284","page","type-page","status-publish","hentry"],"acf":[],"yoast_head":"<!-- This site is optimized with the Yoast SEO plugin v27.1.1 - https:\/\/yoast.com\/product\/yoast-seo-wordpress\/ -->\n<title>Toimitusehdot - Taidemetalli<\/title>\n<meta name=\"robots\" content=\"index, follow, max-snippet:-1, max-image-preview:large, max-video-preview:-1\" \/>\n<link rel=\"canonical\" href=\"https:\/\/www.taidemetalli.fi\/sv\/toimitusehdot\/\" \/>\n<meta property=\"og:locale\" content=\"sv_SE\" \/>\n<meta property=\"og:type\" content=\"article\" \/>\n<meta property=\"og:title\" content=\"Toimitusehdot - Taidemetalli\" \/>\n<meta property=\"og:description\" content=\"N\u00e4m\u00e4 ovat Lenan Taidemetalli Oy \/ Taidemetalli.fi verkkokaupan yleiset voimassa olevat toimitusehdot. Y-tunnuksemme on 3326956-7. 1. Yleist\u00e4 N\u00e4m\u00e4 sopimusehdot ovat voimassa siin\u00e4 muodossa, kun ne olivat tilauksen tekohetkell\u00e4 Taidemetalli.fi verkkokaupan www-sivuilla luettavissa. Kuluttajakauppoihin sovelletaan Suomen ja Euroopan Unionin kuluttajakaupasta ja et\u00e4myynnist\u00e4 antamia lakeja. Mik\u00e4li kuluttajan oikeudet rajoittuisivat n\u00e4it\u00e4 sopimusehtoja sovellettaessa siit\u00e4, mit\u00e4 kuluttajansuojalaissa on m\u00e4\u00e4r\u00e4tty, [...]\" \/>\n<meta property=\"og:url\" content=\"https:\/\/www.taidemetalli.fi\/sv\/toimitusehdot\/\" \/>\n<meta property=\"og:site_name\" content=\"Taidemetalli\" \/>\n<meta property=\"article:publisher\" content=\"https:\/\/www.facebook.com\/taidemetalli\" \/>\n<meta property=\"article:modified_time\" content=\"2025-10-13T06:11:15+00:00\" \/>\n<meta name=\"twitter:card\" content=\"summary_large_image\" \/>\n<meta name=\"twitter:label1\" content=\"Ber\u00e4knad l\u00e4stid\" \/>\n\t<meta name=\"twitter:data1\" content=\"8 minuter\" \/>\n<script type=\"application\/ld+json\" class=\"yoast-schema-graph\">{\"@context\":\"https:\/\/schema.org\",\"@graph\":[{\"@type\":\"WebPage\",\"@id\":\"https:\/\/www.taidemetalli.fi\/toimitusehdot\/\",\"url\":\"https:\/\/www.taidemetalli.fi\/toimitusehdot\/\",\"name\":\"Toimitusehdot - Taidemetalli\",\"isPartOf\":{\"@id\":\"https:\/\/www.taidemetalli.fi\/#website\"},\"datePublished\":\"2019-04-08T19:58:43+00:00\",\"dateModified\":\"2025-10-13T06:11:15+00:00\",\"breadcrumb\":{\"@id\":\"https:\/\/www.taidemetalli.fi\/toimitusehdot\/#breadcrumb\"},\"inLanguage\":\"sv-SE\",\"potentialAction\":[{\"@type\":\"ReadAction\",\"target\":[\"https:\/\/www.taidemetalli.fi\/toimitusehdot\/\"]}]},{\"@type\":\"BreadcrumbList\",\"@id\":\"https:\/\/www.taidemetalli.fi\/toimitusehdot\/#breadcrumb\",\"itemListElement\":[{\"@type\":\"ListItem\",\"position\":1,\"name\":\"Etusivu\",\"item\":\"https:\/\/www.taidemetalli.fi\/\"},{\"@type\":\"ListItem\",\"position\":2,\"name\":\"Toimitusehdot\"}]},{\"@type\":\"WebSite\",\"@id\":\"https:\/\/www.taidemetalli.fi\/#website\",\"url\":\"https:\/\/www.taidemetalli.fi\/\",\"name\":\"Taidemetalli\",\"description\":\"Upeat ja ainutlaatuiset lahjat! Joululahjat, syntym&auml;p&auml;iv&auml;lahjat tai liikelahjat\",\"publisher\":{\"@id\":\"https:\/\/www.taidemetalli.fi\/#organization\"},\"potentialAction\":[{\"@type\":\"SearchAction\",\"target\":{\"@type\":\"EntryPoint\",\"urlTemplate\":\"https:\/\/www.taidemetalli.fi\/?s={search_term_string}\"},\"query-input\":{\"@type\":\"PropertyValueSpecification\",\"valueRequired\":true,\"valueName\":\"search_term_string\"}}],\"inLanguage\":\"sv-SE\"},{\"@type\":\"Organization\",\"@id\":\"https:\/\/www.taidemetalli.fi\/#organization\",\"name\":\"Lenan Taidemetalli Oy\",\"alternateName\":\"Taidemetalli\",\"url\":\"https:\/\/www.taidemetalli.fi\/\",\"logo\":{\"@type\":\"ImageObject\",\"inLanguage\":\"sv-SE\",\"@id\":\"https:\/\/www.taidemetalli.fi\/#\/schema\/logo\/image\/\",\"url\":\"https:\/\/www.taidemetalli.fi\/wp-content\/uploads\/2019\/03\/taidemetalli-fi.png\",\"contentUrl\":\"https:\/\/www.taidemetalli.fi\/wp-content\/uploads\/2019\/03\/taidemetalli-fi.png\",\"width\":647,\"height\":195,\"caption\":\"Lenan Taidemetalli Oy\"},\"image\":{\"@id\":\"https:\/\/www.taidemetalli.fi\/#\/schema\/logo\/image\/\"},\"sameAs\":[\"https:\/\/www.facebook.com\/taidemetalli\",\"https:\/\/www.instagram.com\/taidemetalli\/\",\"https:\/\/www.tiktok.com\/@taidemetalli\"]}]}<\/script>\n<!-- \/ Yoast SEO plugin. -->","yoast_head_json":{"title":"Toimitusehdot - Taidemetalli","robots":{"index":"index","follow":"follow","max-snippet":"max-snippet:-1","max-image-preview":"max-image-preview:large","max-video-preview":"max-video-preview:-1"},"canonical":"https:\/\/www.taidemetalli.fi\/sv\/toimitusehdot\/","og_locale":"sv_SE","og_type":"article","og_title":"Toimitusehdot - Taidemetalli","og_description":"N\u00e4m\u00e4 ovat Lenan Taidemetalli Oy \/ Taidemetalli.fi verkkokaupan yleiset voimassa olevat toimitusehdot. Y-tunnuksemme on 3326956-7. 1. Yleist\u00e4 N\u00e4m\u00e4 sopimusehdot ovat voimassa siin\u00e4 muodossa, kun ne olivat tilauksen tekohetkell\u00e4 Taidemetalli.fi verkkokaupan www-sivuilla luettavissa. Kuluttajakauppoihin sovelletaan Suomen ja Euroopan Unionin kuluttajakaupasta ja et\u00e4myynnist\u00e4 antamia lakeja. Mik\u00e4li kuluttajan oikeudet rajoittuisivat n\u00e4it\u00e4 sopimusehtoja sovellettaessa siit\u00e4, mit\u00e4 kuluttajansuojalaissa on m\u00e4\u00e4r\u00e4tty, [...]","og_url":"https:\/\/www.taidemetalli.fi\/sv\/toimitusehdot\/","og_site_name":"Taidemetalli","article_publisher":"https:\/\/www.facebook.com\/taidemetalli","article_modified_time":"2025-10-13T06:11:15+00:00","twitter_card":"summary_large_image","twitter_misc":{"Ber\u00e4knad l\u00e4stid":"8 minuter"},"schema":{"@context":"https:\/\/schema.org","@graph":[{"@type":"WebPage","@id":"https:\/\/www.taidemetalli.fi\/toimitusehdot\/","url":"https:\/\/www.taidemetalli.fi\/toimitusehdot\/","name":"Toimitusehdot - Taidemetalli","isPartOf":{"@id":"https:\/\/www.taidemetalli.fi\/#website"},"datePublished":"2019-04-08T19:58:43+00:00","dateModified":"2025-10-13T06:11:15+00:00","breadcrumb":{"@id":"https:\/\/www.taidemetalli.fi\/toimitusehdot\/#breadcrumb"},"inLanguage":"sv-SE","potentialAction":[{"@type":"ReadAction","target":["https:\/\/www.taidemetalli.fi\/toimitusehdot\/"]}]},{"@type":"BreadcrumbList","@id":"https:\/\/www.taidemetalli.fi\/toimitusehdot\/#breadcrumb","itemListElement":[{"@type":"ListItem","position":1,"name":"Etusivu","item":"https:\/\/www.taidemetalli.fi\/"},{"@type":"ListItem","position":2,"name":"Toimitusehdot"}]},{"@type":"WebSite","@id":"https:\/\/www.taidemetalli.fi\/#website","url":"https:\/\/www.taidemetalli.fi\/","name":"Taidemetalli","description":"Upeat ja ainutlaatuiset lahjat! Joululahjat, syntym&auml;p&auml;iv&auml;lahjat tai liikelahjat","publisher":{"@id":"https:\/\/www.taidemetalli.fi\/#organization"},"potentialAction":[{"@type":"SearchAction","target":{"@type":"EntryPoint","urlTemplate":"https:\/\/www.taidemetalli.fi\/?s={search_term_string}"},"query-input":{"@type":"PropertyValueSpecification","valueRequired":true,"valueName":"search_term_string"}}],"inLanguage":"sv-SE"},{"@type":"Organization","@id":"https:\/\/www.taidemetalli.fi\/#organization","name":"Lenan Taidemetalli Oy","alternateName":"Taidemetalli","url":"https:\/\/www.taidemetalli.fi\/","logo":{"@type":"ImageObject","inLanguage":"sv-SE","@id":"https:\/\/www.taidemetalli.fi\/#\/schema\/logo\/image\/","url":"https:\/\/www.taidemetalli.fi\/wp-content\/uploads\/2019\/03\/taidemetalli-fi.png","contentUrl":"https:\/\/www.taidemetalli.fi\/wp-content\/uploads\/2019\/03\/taidemetalli-fi.png","width":647,"height":195,"caption":"Lenan Taidemetalli Oy"},"image":{"@id":"https:\/\/www.taidemetalli.fi\/#\/schema\/logo\/image\/"},"sameAs":["https:\/\/www.facebook.com\/taidemetalli","https:\/\/www.instagram.com\/taidemetalli\/","https:\/\/www.tiktok.com\/@taidemetalli"]}]}},"_links":{"self":[{"href":"https:\/\/www.taidemetalli.fi\/sv\/wp-json\/wp\/v2\/pages\/2284","targetHints":{"allow":["GET"]}}],"collection":[{"href":"https:\/\/www.taidemetalli.fi\/sv\/wp-json\/wp\/v2\/pages"}],"about":[{"href":"https:\/\/www.taidemetalli.fi\/sv\/wp-json\/wp\/v2\/types\/page"}],"author":[{"embeddable":true,"href":"https:\/\/www.taidemetalli.fi\/sv\/wp-json\/wp\/v2\/users\/1"}],"replies":[{"embeddable":true,"href":"https:\/\/www.taidemetalli.fi\/sv\/wp-json\/wp\/v2\/comments?post=2284"}],"version-history":[{"count":8,"href":"https:\/\/www.taidemetalli.fi\/sv\/wp-json\/wp\/v2\/pages\/2284\/revisions"}],"predecessor-version":[{"id":5894,"href":"https:\/\/www.taidemetalli.fi\/sv\/wp-json\/wp\/v2\/pages\/2284\/revisions\/5894"}],"wp:attachment":[{"href":"https:\/\/www.taidemetalli.fi\/sv\/wp-json\/wp\/v2\/media?parent=2284"}],"curies":[{"name":"wp","href":"https:\/\/api.w.org\/{rel}","templated":true}]}}