{"id":2263,"date":"2019-04-08T06:53:00","date_gmt":"2019-04-08T06:53:00","guid":{"rendered":"https:\/\/www.taidemetalli.fi\/?page_id=2263"},"modified":"2023-01-10T07:30:53","modified_gmt":"2023-01-10T07:30:53","slug":"tietoa-meista","status":"publish","type":"page","link":"https:\/\/www.taidemetalli.fi\/sv\/tietoa-meista\/","title":{"rendered":"Information om oss"},"content":{"rendered":"<div class=\"wp-block-media-text alignwide has-media-on-the-right is-stacked-on-mobile\"><div class=\"wp-block-media-text__content\">\n<p class=\"has-text-align-center has-medium-font-size\"><strong>Yksil\u00f6lliset taidemetallik\u00e4sity\u00f6t \u2013 taidemetalli.fi<\/strong><\/p>\n<\/div><figure class=\"wp-block-media-text__media\"><img decoding=\"async\" width=\"1024\" height=\"768\" src=\"https:\/\/www.taidemetalli.fi\/wp-content\/uploads\/2019\/04\/Hitsaaja.jpg\" alt=\"\" class=\"wp-image-2276 size-full\" srcset=\"https:\/\/www.taidemetalli.fi\/wp-content\/uploads\/2019\/04\/Hitsaaja.jpg 1024w, https:\/\/www.taidemetalli.fi\/wp-content\/uploads\/2019\/04\/Hitsaaja-533x400.jpg 533w, https:\/\/www.taidemetalli.fi\/wp-content\/uploads\/2019\/04\/Hitsaaja-768x576.jpg 768w, https:\/\/www.taidemetalli.fi\/wp-content\/uploads\/2019\/04\/Hitsaaja-600x450.jpg 600w\" sizes=\"(max-width: 1024px) 100vw, 1024px\" \/><\/figure><\/div>\n\n\n\n<p class=\"has-text-align-left\">Taidemetallik\u00e4sity\u00f6t syntyv\u00e4t vankalla ammattitaidolla, mutta pilke silm\u00e4kulmassa. Kaikki sai alkunsa, kun puolalainen hitsari ja pitk\u00e4n linjan metallimies Andrzej Sztur alkoi yhdeks\u00e4nkymment\u00e4luvun puoliv\u00e4liss\u00e4 valmistamaan omaksi ilokseen ja tutuille lahjoiksi omaper\u00e4isi\u00e4 metallipatsaita. Positiivisen palautteen kannustamana Andrzej alkoi my\u00f6s myym\u00e4\u00e4n tekemi\u00e4\u00e4n taidemetallik\u00e4sit\u00f6it\u00e4 ja kehitt\u00e4m\u00e4\u00e4n mallistoaan. Nyt 25 vuotta my\u00f6hemmin tarjolla on yli 1000 erilaista yksil\u00f6llist\u00e4 taidemetallik\u00e4sity\u00f6t\u00e4. Nykyisin Andrzejilla onkin apunaan kolmisenkymment\u00e4 pitk\u00e4n linjan \u201drautakouraa\u201d, p\u00e4\u00e4osa mummoja ja pappoja, jotka ilmiselv\u00e4sti nauttivat ty\u00f6st\u00e4\u00e4n eli pilkett\u00e4 on edelleen silm\u00e4kulmassa! T\u00e4m\u00e4n voi jokainen mallistoon tutustuva havaita. Tarjolla onkin siis ainutlaatuinen valikoima yksil\u00f6llisi\u00e4 taidemetallik\u00e4sit\u00f6it\u00e4 puolalais-suomalaisena yhteisty\u00f6n\u00e4.  <\/p>\n\n\n\n<p>Tarjolla on upeita ja yksil\u00f6llisi\u00e4 taidemetallik\u00e4sit\u00f6it\u00e4 <br>mm. seuraavista eri aihepiireist\u00e4:<\/p>\n\n\n\n<p>&#8211; eri ammattien edustajat<br>&#8211; autot <br>&#8211; el\u00e4imet <br>&#8211; eri el\u00e4m\u00e4ntilanteet <br>&#8211; lentokoneet <br>&#8211; moottoripy\u00f6r\u00e4t <br>&#8211; musiikki ja eri instrumentit <br>&#8211; seksi <br>&#8211; urheilu <br>&#8211; pullotelineet  <br>&#8211; WC-paperitelineet <br><\/p>\n\n\n\n<p>sek\u00e4 paljon muuta mielenkiintoista. <br>Huom! Kaikki ihmishahmot saatavilla sek\u00e4 mies- ett\u00e4 naispuolisina.<\/p>\n\n\n\n<p>T\u00e4ll\u00e4 sivustollamme p\u00e4\u00e4sette tutustumaan koko valikoimaamme ja verkkokaupastamme on helppo tilata mit\u00e4 haluaa.<\/p>\n\n\n\n<p>N\u00e4it\u00e4 taidemetallik\u00e4sit\u00f6it\u00e4 voi ostaa ainoastaan verkkokaupastamme tai suoraan markkina- ja messutapahtumista.  Lista tulevista tapahtumista, joista myyntin\u00e4yttelymme l\u00f6ytyv\u00e4t t\u00e4\u00e4lt\u00e4.<\/p>\n\n\n\n<p>Lis\u00e4tietoja tuotteista:<br> Lenan Taidemetalli Oy<br> PL 48, 29201 Harjavalta  <br> puh. 020 7498700  (ark. klo 9-16)<br> <a href=\"mailto:info@taidemetalli.fi\">info@taidemetalli.fi<\/a> <br><\/p>\n\n\n\n<p><a href=\"mailto:info@taidemetalli.fi\"><\/a><\/p>","protected":false},"excerpt":{"rendered":"<p>Yksil\u00f6lliset taidemetallik\u00e4sity\u00f6t \u2013 taidemetalli.fi Taidemetallik\u00e4sity\u00f6t syntyv\u00e4t vankalla ammattitaidolla, mutta pilke silm\u00e4kulmassa. Kaikki sai alkunsa, kun puolalainen hitsari ja pitk\u00e4n linjan metallimies Andrzej Sztur alkoi yhdeks\u00e4nkymment\u00e4luvun puoliv\u00e4liss\u00e4 valmistamaan omaksi ilokseen ja tutuille lahjoiksi omaper\u00e4isi\u00e4 metallipatsaita. Positiivisen palautteen kannustamana Andrzej alkoi my\u00f6s myym\u00e4\u00e4n tekemi\u00e4\u00e4n taidemetallik\u00e4sit\u00f6it\u00e4 ja kehitt\u00e4m\u00e4\u00e4n mallistoaan. Nyt 25 vuotta my\u00f6hemmin tarjolla on yli 1000 erilaista [&#8230;]\n","protected":false},"author":1,"featured_media":0,"parent":0,"menu_order":0,"comment_status":"closed","ping_status":"closed","template":"","meta":{"_acf_changed":false,"footnotes":""},"class_list":["post-2263","page","type-page","status-publish","hentry"],"acf":[],"yoast_head":"<!-- This site is optimized with the Yoast SEO plugin v27.1.1 - https:\/\/yoast.com\/product\/yoast-seo-wordpress\/ -->\n<title>Tietoa meist\u00e4 - Taidemetalli<\/title>\n<meta name=\"robots\" content=\"index, follow, max-snippet:-1, max-image-preview:large, max-video-preview:-1\" \/>\n<link rel=\"canonical\" href=\"https:\/\/www.taidemetalli.fi\/sv\/tietoa-meista\/\" \/>\n<meta property=\"og:locale\" content=\"sv_SE\" \/>\n<meta property=\"og:type\" content=\"article\" \/>\n<meta property=\"og:title\" content=\"Tietoa meist\u00e4 - Taidemetalli\" \/>\n<meta property=\"og:description\" content=\"Yksil\u00f6lliset taidemetallik\u00e4sity\u00f6t \u2013 taidemetalli.fi Taidemetallik\u00e4sity\u00f6t syntyv\u00e4t vankalla ammattitaidolla, mutta pilke silm\u00e4kulmassa. Kaikki sai alkunsa, kun puolalainen hitsari ja pitk\u00e4n linjan metallimies Andrzej Sztur alkoi yhdeks\u00e4nkymment\u00e4luvun puoliv\u00e4liss\u00e4 valmistamaan omaksi ilokseen ja tutuille lahjoiksi omaper\u00e4isi\u00e4 metallipatsaita. Positiivisen palautteen kannustamana Andrzej alkoi my\u00f6s myym\u00e4\u00e4n tekemi\u00e4\u00e4n taidemetallik\u00e4sit\u00f6it\u00e4 ja kehitt\u00e4m\u00e4\u00e4n mallistoaan. Nyt 25 vuotta my\u00f6hemmin tarjolla on yli 1000 erilaista [...]\" \/>\n<meta property=\"og:url\" content=\"https:\/\/www.taidemetalli.fi\/sv\/tietoa-meista\/\" \/>\n<meta property=\"og:site_name\" content=\"Taidemetalli\" \/>\n<meta property=\"article:publisher\" content=\"https:\/\/www.facebook.com\/taidemetalli\" \/>\n<meta property=\"article:modified_time\" content=\"2023-01-10T07:30:53+00:00\" \/>\n<meta property=\"og:image\" content=\"https:\/\/www.taidemetalli.fi\/wp-content\/uploads\/2019\/04\/Hitsaaja.jpg\" \/>\n<meta name=\"twitter:card\" content=\"summary_large_image\" \/>\n<meta name=\"twitter:label1\" content=\"Ber\u00e4knad l\u00e4stid\" \/>\n\t<meta name=\"twitter:data1\" content=\"1 minut\" \/>\n<script type=\"application\/ld+json\" class=\"yoast-schema-graph\">{\"@context\":\"https:\/\/schema.org\",\"@graph\":[{\"@type\":\"WebPage\",\"@id\":\"https:\/\/www.taidemetalli.fi\/tietoa-meista\/\",\"url\":\"https:\/\/www.taidemetalli.fi\/tietoa-meista\/\",\"name\":\"Tietoa meist\u00e4 - Taidemetalli\",\"isPartOf\":{\"@id\":\"https:\/\/www.taidemetalli.fi\/#website\"},\"primaryImageOfPage\":{\"@id\":\"https:\/\/www.taidemetalli.fi\/tietoa-meista\/#primaryimage\"},\"image\":{\"@id\":\"https:\/\/www.taidemetalli.fi\/tietoa-meista\/#primaryimage\"},\"thumbnailUrl\":\"https:\/\/www.taidemetalli.fi\/wp-content\/uploads\/2019\/04\/Hitsaaja.jpg\",\"datePublished\":\"2019-04-08T06:53:00+00:00\",\"dateModified\":\"2023-01-10T07:30:53+00:00\",\"breadcrumb\":{\"@id\":\"https:\/\/www.taidemetalli.fi\/tietoa-meista\/#breadcrumb\"},\"inLanguage\":\"sv-SE\",\"potentialAction\":[{\"@type\":\"ReadAction\",\"target\":[\"https:\/\/www.taidemetalli.fi\/tietoa-meista\/\"]}]},{\"@type\":\"ImageObject\",\"inLanguage\":\"sv-SE\",\"@id\":\"https:\/\/www.taidemetalli.fi\/tietoa-meista\/#primaryimage\",\"url\":\"https:\/\/www.taidemetalli.fi\/wp-content\/uploads\/2019\/04\/Hitsaaja.jpg\",\"contentUrl\":\"https:\/\/www.taidemetalli.fi\/wp-content\/uploads\/2019\/04\/Hitsaaja.jpg\"},{\"@type\":\"BreadcrumbList\",\"@id\":\"https:\/\/www.taidemetalli.fi\/tietoa-meista\/#breadcrumb\",\"itemListElement\":[{\"@type\":\"ListItem\",\"position\":1,\"name\":\"Etusivu\",\"item\":\"https:\/\/www.taidemetalli.fi\/\"},{\"@type\":\"ListItem\",\"position\":2,\"name\":\"Tietoa meist\u00e4\"}]},{\"@type\":\"WebSite\",\"@id\":\"https:\/\/www.taidemetalli.fi\/#website\",\"url\":\"https:\/\/www.taidemetalli.fi\/\",\"name\":\"Taidemetalli\",\"description\":\"Upeat ja ainutlaatuiset lahjat! Joululahjat, syntym&auml;p&auml;iv&auml;lahjat tai liikelahjat\",\"publisher\":{\"@id\":\"https:\/\/www.taidemetalli.fi\/#organization\"},\"potentialAction\":[{\"@type\":\"SearchAction\",\"target\":{\"@type\":\"EntryPoint\",\"urlTemplate\":\"https:\/\/www.taidemetalli.fi\/?s={search_term_string}\"},\"query-input\":{\"@type\":\"PropertyValueSpecification\",\"valueRequired\":true,\"valueName\":\"search_term_string\"}}],\"inLanguage\":\"sv-SE\"},{\"@type\":\"Organization\",\"@id\":\"https:\/\/www.taidemetalli.fi\/#organization\",\"name\":\"Lenan Taidemetalli Oy\",\"alternateName\":\"Taidemetalli\",\"url\":\"https:\/\/www.taidemetalli.fi\/\",\"logo\":{\"@type\":\"ImageObject\",\"inLanguage\":\"sv-SE\",\"@id\":\"https:\/\/www.taidemetalli.fi\/#\/schema\/logo\/image\/\",\"url\":\"https:\/\/www.taidemetalli.fi\/wp-content\/uploads\/2019\/03\/taidemetalli-fi.png\",\"contentUrl\":\"https:\/\/www.taidemetalli.fi\/wp-content\/uploads\/2019\/03\/taidemetalli-fi.png\",\"width\":647,\"height\":195,\"caption\":\"Lenan Taidemetalli Oy\"},\"image\":{\"@id\":\"https:\/\/www.taidemetalli.fi\/#\/schema\/logo\/image\/\"},\"sameAs\":[\"https:\/\/www.facebook.com\/taidemetalli\",\"https:\/\/www.instagram.com\/taidemetalli\/\",\"https:\/\/www.tiktok.com\/@taidemetalli\"]}]}<\/script>\n<!-- \/ Yoast SEO plugin. -->","yoast_head_json":{"title":"Tietoa meist\u00e4 - Taidemetalli","robots":{"index":"index","follow":"follow","max-snippet":"max-snippet:-1","max-image-preview":"max-image-preview:large","max-video-preview":"max-video-preview:-1"},"canonical":"https:\/\/www.taidemetalli.fi\/sv\/tietoa-meista\/","og_locale":"sv_SE","og_type":"article","og_title":"Tietoa meist\u00e4 - Taidemetalli","og_description":"Yksil\u00f6lliset taidemetallik\u00e4sity\u00f6t \u2013 taidemetalli.fi Taidemetallik\u00e4sity\u00f6t syntyv\u00e4t vankalla ammattitaidolla, mutta pilke silm\u00e4kulmassa. Kaikki sai alkunsa, kun puolalainen hitsari ja pitk\u00e4n linjan metallimies Andrzej Sztur alkoi yhdeks\u00e4nkymment\u00e4luvun puoliv\u00e4liss\u00e4 valmistamaan omaksi ilokseen ja tutuille lahjoiksi omaper\u00e4isi\u00e4 metallipatsaita. Positiivisen palautteen kannustamana Andrzej alkoi my\u00f6s myym\u00e4\u00e4n tekemi\u00e4\u00e4n taidemetallik\u00e4sit\u00f6it\u00e4 ja kehitt\u00e4m\u00e4\u00e4n mallistoaan. Nyt 25 vuotta my\u00f6hemmin tarjolla on yli 1000 erilaista [...]","og_url":"https:\/\/www.taidemetalli.fi\/sv\/tietoa-meista\/","og_site_name":"Taidemetalli","article_publisher":"https:\/\/www.facebook.com\/taidemetalli","article_modified_time":"2023-01-10T07:30:53+00:00","og_image":[{"url":"https:\/\/www.taidemetalli.fi\/wp-content\/uploads\/2019\/04\/Hitsaaja.jpg","type":"","width":"","height":""}],"twitter_card":"summary_large_image","twitter_misc":{"Ber\u00e4knad l\u00e4stid":"1 minut"},"schema":{"@context":"https:\/\/schema.org","@graph":[{"@type":"WebPage","@id":"https:\/\/www.taidemetalli.fi\/tietoa-meista\/","url":"https:\/\/www.taidemetalli.fi\/tietoa-meista\/","name":"Tietoa meist\u00e4 - Taidemetalli","isPartOf":{"@id":"https:\/\/www.taidemetalli.fi\/#website"},"primaryImageOfPage":{"@id":"https:\/\/www.taidemetalli.fi\/tietoa-meista\/#primaryimage"},"image":{"@id":"https:\/\/www.taidemetalli.fi\/tietoa-meista\/#primaryimage"},"thumbnailUrl":"https:\/\/www.taidemetalli.fi\/wp-content\/uploads\/2019\/04\/Hitsaaja.jpg","datePublished":"2019-04-08T06:53:00+00:00","dateModified":"2023-01-10T07:30:53+00:00","breadcrumb":{"@id":"https:\/\/www.taidemetalli.fi\/tietoa-meista\/#breadcrumb"},"inLanguage":"sv-SE","potentialAction":[{"@type":"ReadAction","target":["https:\/\/www.taidemetalli.fi\/tietoa-meista\/"]}]},{"@type":"ImageObject","inLanguage":"sv-SE","@id":"https:\/\/www.taidemetalli.fi\/tietoa-meista\/#primaryimage","url":"https:\/\/www.taidemetalli.fi\/wp-content\/uploads\/2019\/04\/Hitsaaja.jpg","contentUrl":"https:\/\/www.taidemetalli.fi\/wp-content\/uploads\/2019\/04\/Hitsaaja.jpg"},{"@type":"BreadcrumbList","@id":"https:\/\/www.taidemetalli.fi\/tietoa-meista\/#breadcrumb","itemListElement":[{"@type":"ListItem","position":1,"name":"Etusivu","item":"https:\/\/www.taidemetalli.fi\/"},{"@type":"ListItem","position":2,"name":"Tietoa meist\u00e4"}]},{"@type":"WebSite","@id":"https:\/\/www.taidemetalli.fi\/#website","url":"https:\/\/www.taidemetalli.fi\/","name":"Taidemetalli","description":"Upeat ja ainutlaatuiset lahjat! Joululahjat, syntym&auml;p&auml;iv&auml;lahjat tai liikelahjat","publisher":{"@id":"https:\/\/www.taidemetalli.fi\/#organization"},"potentialAction":[{"@type":"SearchAction","target":{"@type":"EntryPoint","urlTemplate":"https:\/\/www.taidemetalli.fi\/?s={search_term_string}"},"query-input":{"@type":"PropertyValueSpecification","valueRequired":true,"valueName":"search_term_string"}}],"inLanguage":"sv-SE"},{"@type":"Organization","@id":"https:\/\/www.taidemetalli.fi\/#organization","name":"Lenan Taidemetalli Oy","alternateName":"Taidemetalli","url":"https:\/\/www.taidemetalli.fi\/","logo":{"@type":"ImageObject","inLanguage":"sv-SE","@id":"https:\/\/www.taidemetalli.fi\/#\/schema\/logo\/image\/","url":"https:\/\/www.taidemetalli.fi\/wp-content\/uploads\/2019\/03\/taidemetalli-fi.png","contentUrl":"https:\/\/www.taidemetalli.fi\/wp-content\/uploads\/2019\/03\/taidemetalli-fi.png","width":647,"height":195,"caption":"Lenan Taidemetalli Oy"},"image":{"@id":"https:\/\/www.taidemetalli.fi\/#\/schema\/logo\/image\/"},"sameAs":["https:\/\/www.facebook.com\/taidemetalli","https:\/\/www.instagram.com\/taidemetalli\/","https:\/\/www.tiktok.com\/@taidemetalli"]}]}},"_links":{"self":[{"href":"https:\/\/www.taidemetalli.fi\/sv\/wp-json\/wp\/v2\/pages\/2263","targetHints":{"allow":["GET"]}}],"collection":[{"href":"https:\/\/www.taidemetalli.fi\/sv\/wp-json\/wp\/v2\/pages"}],"about":[{"href":"https:\/\/www.taidemetalli.fi\/sv\/wp-json\/wp\/v2\/types\/page"}],"author":[{"embeddable":true,"href":"https:\/\/www.taidemetalli.fi\/sv\/wp-json\/wp\/v2\/users\/1"}],"replies":[{"embeddable":true,"href":"https:\/\/www.taidemetalli.fi\/sv\/wp-json\/wp\/v2\/comments?post=2263"}],"version-history":[{"count":4,"href":"https:\/\/www.taidemetalli.fi\/sv\/wp-json\/wp\/v2\/pages\/2263\/revisions"}],"predecessor-version":[{"id":4259,"href":"https:\/\/www.taidemetalli.fi\/sv\/wp-json\/wp\/v2\/pages\/2263\/revisions\/4259"}],"wp:attachment":[{"href":"https:\/\/www.taidemetalli.fi\/sv\/wp-json\/wp\/v2\/media?parent=2263"}],"curies":[{"name":"wp","href":"https:\/\/api.w.org\/{rel}","templated":true}]}}